{"id":1241,"date":"2022-12-09T13:13:56","date_gmt":"2022-12-09T13:13:56","guid":{"rendered":"https:\/\/www.safirpaint.com\/urun\/antirust\/"},"modified":"2022-12-09T13:39:18","modified_gmt":"2022-12-09T13:39:18","slug":"antirust","status":"publish","type":"product","link":"https:\/\/safirpaint.com\/en\/urun\/antirust\/","title":{"rendered":"ANT\u0130RUST"},"content":{"rendered":"<div class=\"accordion\">\n<div id=\"accordion-2985029437\" class=\"accordion-item\"><a id=\"accordion-2985029437-label\" href=\"#\" class=\"accordion-title plain active\" aria-expanded=\"true\" aria-controls=\"accordion-2985029437-content\"><button class=\"toggle\" aria-label=\"Toggle\"><i class=\"icon-angle-down\"><\/i><\/button><span>PHYSICAL FIXTURES:<\/span><\/a><div id=\"accordion-2985029437-content\" class=\"accordion-inner\" style=\"display: block;\" aria-labelledby=\"accordion-2985029437-label\">\n<div><strong>Color:<\/strong> White,grey,red or custom color<\/div>\n<div><strong>PH VALUE:<\/strong> Non-ionic.<\/div>\n<div><strong>Final View:<\/strong> Matte<\/div>\n<div><strong>Theoretical Covering Strength:<\/strong> Approximate on one floor depending on the smoothness of the surface to which it is applied. 15- 20 m2\/ L<\/div>\n<div><strong>Flash Point:<\/strong> Over 21<\/div>\n<div><strong>Density:<\/strong> Approx. 1.50- 1.60 gr\/cm3 at 20<\/div>\n<div><strong>Drying Time:<\/strong> Approximately 20 \u2013 24 hours at 20<\/div>\n<\/div><\/div>\n<div id=\"accordion-334491109\" class=\"accordion-item\"><a id=\"accordion-334491109-label\" href=\"#\" class=\"accordion-title plain\" aria-expanded=\"false\" aria-controls=\"accordion-334491109-content\"><button class=\"toggle\" aria-label=\"Toggle\"><i class=\"icon-angle-down\"><\/i><\/button><span>APPLICATION AND CONSUMPTION DETAILS:<\/span><\/a><div id=\"accordion-334491109-content\" class=\"accordion-inner\" aria-labelledby=\"accordion-334491109-label\">\n<div><strong>Application Method:<\/strong> Can be applied with brush roller or spray gun<\/div>\n<div><strong>Thinning:<\/strong> with cellulosic thinner (15% for the first layer, 10% for the second layer) <\/div>\n<div><strong>Cleaning of application means:<\/strong> cleaned with cellulosic thinner.<\/div>\n<div><strong>Applicable dry film thickness:<\/strong> Approx. 70 \u2013 80 microns (in two layers) <\/div>\n<div><strong>Applicable wet film thickness:<\/strong> Approx. 50 microns ( single layer ) <\/div>\n<div><strong>Waiting time between floors<\/strong>: 22 &#8211; 24 hours<\/div>\n<\/div><\/div>\n<div id=\"accordion-1729261923\" class=\"accordion-item\"><a id=\"accordion-1729261923-label\" href=\"#\" class=\"accordion-title plain\" aria-expanded=\"false\" aria-controls=\"accordion-1729261923-content\"><button class=\"toggle\" aria-label=\"Toggle\"><i class=\"icon-angle-down\"><\/i><\/button><span>STORAGE:<\/span><\/a><div id=\"accordion-1729261923-content\" class=\"accordion-inner\" aria-labelledby=\"accordion-1729261923-label\">\n<div><strong>Important Notice:<\/strong> The values given above apply to applications at a temperature of 20 &#8211; 35 and in environments with 70% relative humidity and ideal ventilation. <\/div>\n<div><strong>Packaging Tours:<\/strong> 1kg, 3.30 kgs, 20kgs <\/div>\n<div><strong>Shelf Life:<\/strong> About 2 years in sealed packaging and cool environment<\/div>\n<div><strong>Transportation and Storage:<\/strong> The product should be stored in a cool environment and in such a way that it does not receive direct sunlight.<\/div>\n<\/div><\/div>\n<div id=\"accordion-19821044\" class=\"accordion-item\"><a id=\"accordion-19821044-label\" href=\"#\" class=\"accordion-title plain\" aria-expanded=\"false\" aria-controls=\"accordion-19821044-content\"><button class=\"toggle\" aria-label=\"Toggle\"><i class=\"icon-angle-down\"><\/i><\/button><span>SAFETY AND RISK VALUES<\/span><\/a><div id=\"accordion-19821044-content\" class=\"accordion-inner\" aria-labelledby=\"accordion-19821044-label\">\n<ul>\n<li>R10 (Flammable, flammable.)<\/li>\n<li>R20\/21\/22 (Yutuldu\u011funda, solundu\u011funda, deri ve g\u00f6z ile temas etti\u011finde zararl\u0131d\u0131r.)<\/li>\n<li>S2 (Keep out of the reach of children)<\/li>\n<li>R20\/21\/22 (Harmful when swallowed, inhaled, in contact with skin and eyes.)<\/li>\n<li>S24 (Avoid contact with eyes and skin.)<\/li>\n<\/ul>\n<\/div><\/div>\n<\/div>\n","protected":false},"excerpt":{"rendered":"<p>Antirust paint; Solvent based on stirenize alkyd resin<br \/>\n The matte primer coat is antirust paint.<\/p>\n","protected":false},"featured_media":1239,"template":"","meta":[],"product_cat":[55],"product_tag":[],"class_list":{"0":"post-1241","1":"product","2":"type-product","3":"status-publish","4":"has-post-thumbnail","6":"product_cat-synthetic-paints","8":"first","9":"instock","10":"shipping-taxable","11":"product-type-simple"},"yoast_head":"<!-- This site is optimized with the Yoast SEO plugin v22.0 - https:\/\/yoast.com\/wordpress\/plugins\/seo\/ -->\n<title>ANT\u0130RUST - Safir Paint<\/title>\n<meta name=\"robots\" content=\"index, follow, max-snippet:-1, max-image-preview:large, max-video-preview:-1\" \/>\n<link rel=\"canonical\" href=\"https:\/\/safirpaint.com\/en\/urun\/antirust\/\" \/>\n<meta property=\"og:locale\" content=\"en_US\" \/>\n<meta property=\"og:type\" content=\"article\" \/>\n<meta property=\"og:title\" content=\"ANT\u0130RUST - Safir Paint\" \/>\n<meta property=\"og:description\" content=\"Antirust paint; Solvent based on stirenize alkyd resin  The matte primer coat is antirust paint.\" \/>\n<meta property=\"og:url\" content=\"https:\/\/safirpaint.com\/en\/urun\/antirust\/\" \/>\n<meta property=\"og:site_name\" content=\"Safir Paint\" \/>\n<meta property=\"article:modified_time\" content=\"2022-12-09T13:39:18+00:00\" \/>\n<meta property=\"og:image\" content=\"https:\/\/safirpaint.com\/wp-content\/uploads\/2022\/12\/ANTIRUST-1024x1024.png\" \/>\n\t<meta property=\"og:image:width\" content=\"1024\" \/>\n\t<meta property=\"og:image:height\" content=\"1024\" \/>\n\t<meta property=\"og:image:type\" content=\"image\/png\" \/>\n<meta name=\"twitter:card\" content=\"summary_large_image\" \/>\n<meta name=\"twitter:label1\" content=\"Est. reading time\" \/>\n\t<meta name=\"twitter:data1\" content=\"1 minute\" \/>\n<script type=\"application\/ld+json\" class=\"yoast-schema-graph\">{\"@context\":\"https:\/\/schema.org\",\"@graph\":[{\"@type\":\"WebPage\",\"@id\":\"https:\/\/safirpaint.com\/en\/urun\/antirust\/\",\"url\":\"https:\/\/safirpaint.com\/en\/urun\/antirust\/\",\"name\":\"ANT\u0130RUST - Safir Paint\",\"isPartOf\":{\"@id\":\"https:\/\/safirpaint.com\/#website\"},\"datePublished\":\"2022-12-09T13:13:56+00:00\",\"dateModified\":\"2022-12-09T13:39:18+00:00\",\"breadcrumb\":{\"@id\":\"https:\/\/safirpaint.com\/en\/urun\/antirust\/#breadcrumb\"},\"inLanguage\":\"en-US\",\"potentialAction\":[{\"@type\":\"ReadAction\",\"target\":[\"https:\/\/safirpaint.com\/en\/urun\/antirust\/\"]}]},{\"@type\":\"BreadcrumbList\",\"@id\":\"https:\/\/safirpaint.com\/en\/urun\/antirust\/#breadcrumb\",\"itemListElement\":[{\"@type\":\"ListItem\",\"position\":1,\"name\":\"Anasayfa\",\"item\":\"https:\/\/safirpaint.com\/en\/\"},{\"@type\":\"ListItem\",\"position\":2,\"name\":\"Ma\u011faza\",\"item\":\"https:\/\/safirpaint.com\/en\/shop\/\"},{\"@type\":\"ListItem\",\"position\":3,\"name\":\"ANT\u0130RUST\"}]},{\"@type\":\"WebSite\",\"@id\":\"https:\/\/safirpaint.com\/#website\",\"url\":\"https:\/\/safirpaint.com\/\",\"name\":\"Safir Paint\",\"description\":\"Kaliteli Boya...\",\"publisher\":{\"@id\":\"https:\/\/safirpaint.com\/#organization\"},\"potentialAction\":[{\"@type\":\"SearchAction\",\"target\":{\"@type\":\"EntryPoint\",\"urlTemplate\":\"https:\/\/safirpaint.com\/?s={search_term_string}\"},\"query-input\":\"required name=search_term_string\"}],\"inLanguage\":\"en-US\"},{\"@type\":\"Organization\",\"@id\":\"https:\/\/safirpaint.com\/#organization\",\"name\":\"Safir Paint\",\"url\":\"https:\/\/safirpaint.com\/\",\"logo\":{\"@type\":\"ImageObject\",\"inLanguage\":\"en-US\",\"@id\":\"https:\/\/safirpaint.com\/#\/schema\/logo\/image\/\",\"url\":\"https:\/\/www.safirpaint.com\/wp-content\/uploads\/2022\/11\/logo_Calisma-Yuzeyi-1.png\",\"contentUrl\":\"https:\/\/www.safirpaint.com\/wp-content\/uploads\/2022\/11\/logo_Calisma-Yuzeyi-1.png\",\"width\":1422,\"height\":557,\"caption\":\"Safir Paint\"},\"image\":{\"@id\":\"https:\/\/safirpaint.com\/#\/schema\/logo\/image\/\"}}]}<\/script>\n<!-- \/ Yoast SEO plugin. -->","yoast_head_json":{"title":"ANT\u0130RUST - Safir Paint","robots":{"index":"index","follow":"follow","max-snippet":"max-snippet:-1","max-image-preview":"max-image-preview:large","max-video-preview":"max-video-preview:-1"},"canonical":"https:\/\/safirpaint.com\/en\/urun\/antirust\/","og_locale":"en_US","og_type":"article","og_title":"ANT\u0130RUST - Safir Paint","og_description":"Antirust paint; Solvent based on stirenize alkyd resin  The matte primer coat is antirust paint.","og_url":"https:\/\/safirpaint.com\/en\/urun\/antirust\/","og_site_name":"Safir Paint","article_modified_time":"2022-12-09T13:39:18+00:00","og_image":[{"width":1024,"height":1024,"url":"https:\/\/safirpaint.com\/wp-content\/uploads\/2022\/12\/ANTIRUST-1024x1024.png","type":"image\/png"}],"twitter_card":"summary_large_image","twitter_misc":{"Est. reading time":"1 minute"},"schema":{"@context":"https:\/\/schema.org","@graph":[{"@type":"WebPage","@id":"https:\/\/safirpaint.com\/en\/urun\/antirust\/","url":"https:\/\/safirpaint.com\/en\/urun\/antirust\/","name":"ANT\u0130RUST - Safir Paint","isPartOf":{"@id":"https:\/\/safirpaint.com\/#website"},"datePublished":"2022-12-09T13:13:56+00:00","dateModified":"2022-12-09T13:39:18+00:00","breadcrumb":{"@id":"https:\/\/safirpaint.com\/en\/urun\/antirust\/#breadcrumb"},"inLanguage":"en-US","potentialAction":[{"@type":"ReadAction","target":["https:\/\/safirpaint.com\/en\/urun\/antirust\/"]}]},{"@type":"BreadcrumbList","@id":"https:\/\/safirpaint.com\/en\/urun\/antirust\/#breadcrumb","itemListElement":[{"@type":"ListItem","position":1,"name":"Anasayfa","item":"https:\/\/safirpaint.com\/en\/"},{"@type":"ListItem","position":2,"name":"Ma\u011faza","item":"https:\/\/safirpaint.com\/en\/shop\/"},{"@type":"ListItem","position":3,"name":"ANT\u0130RUST"}]},{"@type":"WebSite","@id":"https:\/\/safirpaint.com\/#website","url":"https:\/\/safirpaint.com\/","name":"Safir Paint","description":"Kaliteli Boya...","publisher":{"@id":"https:\/\/safirpaint.com\/#organization"},"potentialAction":[{"@type":"SearchAction","target":{"@type":"EntryPoint","urlTemplate":"https:\/\/safirpaint.com\/?s={search_term_string}"},"query-input":"required name=search_term_string"}],"inLanguage":"en-US"},{"@type":"Organization","@id":"https:\/\/safirpaint.com\/#organization","name":"Safir Paint","url":"https:\/\/safirpaint.com\/","logo":{"@type":"ImageObject","inLanguage":"en-US","@id":"https:\/\/safirpaint.com\/#\/schema\/logo\/image\/","url":"https:\/\/www.safirpaint.com\/wp-content\/uploads\/2022\/11\/logo_Calisma-Yuzeyi-1.png","contentUrl":"https:\/\/www.safirpaint.com\/wp-content\/uploads\/2022\/11\/logo_Calisma-Yuzeyi-1.png","width":1422,"height":557,"caption":"Safir Paint"},"image":{"@id":"https:\/\/safirpaint.com\/#\/schema\/logo\/image\/"}}]}},"_links":{"self":[{"href":"https:\/\/safirpaint.com\/en\/wp-json\/wp\/v2\/product\/1241","targetHints":{"allow":["GET"]}}],"collection":[{"href":"https:\/\/safirpaint.com\/en\/wp-json\/wp\/v2\/product"}],"about":[{"href":"https:\/\/safirpaint.com\/en\/wp-json\/wp\/v2\/types\/product"}],"wp:featuredmedia":[{"embeddable":true,"href":"https:\/\/safirpaint.com\/en\/wp-json\/wp\/v2\/media\/1239"}],"wp:attachment":[{"href":"https:\/\/safirpaint.com\/en\/wp-json\/wp\/v2\/media?parent=1241"}],"wp:term":[{"taxonomy":"product_cat","embeddable":true,"href":"https:\/\/safirpaint.com\/en\/wp-json\/wp\/v2\/product_cat?post=1241"},{"taxonomy":"product_tag","embeddable":true,"href":"https:\/\/safirpaint.com\/en\/wp-json\/wp\/v2\/product_tag?post=1241"}],"curies":[{"name":"wp","href":"https:\/\/api.w.org\/{rel}","templated":true}]}}