{"id":1051,"date":"2022-09-30T21:34:16","date_gmt":"2022-09-30T21:34:16","guid":{"rendered":"https:\/\/www.safirpaint.com\/contact-us\/"},"modified":"2022-11-18T07:18:24","modified_gmt":"2022-11-18T07:18:24","slug":"contact-us","status":"publish","type":"page","link":"https:\/\/safirpaint.com\/en\/contact-us\/","title":{"rendered":"CONTACT US"},"content":{"rendered":"\t<section class=\"section\" id=\"section_564873361\">\n\t\t<div class=\"bg section-bg fill bg-fill  \" >\n\n\t\t\t\n\t\t\t<div class=\"section-bg-overlay absolute fill\"><\/div>\n\t\t\t\n\n\t\t<\/div>\n\n\t\t\n\n\t\t<div class=\"section-content relative\">\n\t\t\t\n\t<div id=\"gap-1876827952\" class=\"gap-element clearfix\" style=\"display:block; height:auto;\">\n\t\t\n<style>\n#gap-1876827952 {\n  padding-top: 140px;\n}\n<\/style>\n\t<\/div>\n\t\n\t<div id=\"text-3974821031\" class=\"text\">\n\t\t\n<h2>CONTACT US<\/h2>\n<p>CONTACT US BY E-MAIL, MAIL AND PHONE<\/p>\n\t\t\n<style>\n#text-3974821031 {\n  text-align: center;\n  color: rgb(255,255,255);\n}\n#text-3974821031 > * {\n  color: rgb(255,255,255);\n}\n<\/style>\n\t<\/div>\n\t\n\t<div id=\"gap-1351448214\" class=\"gap-element clearfix\" style=\"display:block; height:auto;\">\n\t\t\n<style>\n#gap-1351448214 {\n  padding-top: 80px;\n}\n<\/style>\n\t<\/div>\n\t\n\t\t<\/div>\n\n\t\t\n<style>\n#section_564873361 {\n  padding-top: 0px;\n  padding-bottom: 0px;\n}\n#section_564873361 .section-bg-overlay {\n  background-color: rgba(0,0,0,.5);\n}\n#section_564873361 .section-bg.bg-loaded {\n  background-image: url(https:\/\/safirpaint.com\/wp-content\/uploads\/2022\/10\/wall-paint-designs-with-tape-4.jpeg);\n}\n#section_564873361 .ux-shape-divider--top svg {\n  height: 150px;\n  --divider-top-width: 100%;\n}\n#section_564873361 .ux-shape-divider--bottom svg {\n  height: 150px;\n  --divider-width: 100%;\n}\n<\/style>\n\t<\/section>\n\t\n<p><iframe src=\"https:\/\/www.google.com\/maps\/embed?pb=!1m18!1m12!1m3!1d3183.5360977298!2d37.44301651472161!3d37.068536679894144!2m3!1f0!2f0!3f0!3m2!1i1024!2i768!4f13.1!3m3!1m2!1s0x1531e5a4740d7dd9%3A0xeb63415a16adb882!2sSafir%20Paint!5e0!3m2!1str!2str!4v1665094441914!5m2!1str!2str\" width=\"100%\" height=\"350\" style=\"border:0;\" allowfullscreen=\"\" loading=\"lazy\" referrerpolicy=\"no-referrer-when-downgrade\"><\/iframe><\/p>\n\t<div id=\"gap-1032416278\" class=\"gap-element clearfix\" style=\"display:block; height:auto;\">\n\t\t\n<style>\n#gap-1032416278 {\n  padding-top: 30px;\n}\n<\/style>\n\t<\/div>\n\t\n<div class=\"row\"  id=\"row-26098365\">\n\n\t<div id=\"col-637539995\" class=\"col medium-6 small-12 large-6\"  >\n\t\t\t\t<div class=\"col-inner box-shadow-2\" style=\"background-color:rgb(255, 255, 255);\" >\n\t\t\t\n\t\t\t\n<h3><strong>OUR CONTACT INFORMATION<\/strong><\/h3>\n<p><span class=\"address_wrapper\"><strong>Center<\/strong> <\/span>Sanayi Mahallesi 60326 Nolu Sk. No: 14 \u015eehitkamil \/ GAZ\u0130ANTEP<\/p>\n<p><strong>Telephone: <\/strong>+90 342 239 00 04<\/p>\n<p><strong>Gsm:<\/strong> +90 545 674 10 18<\/p>\n<p><strong>E-mail: <\/strong>safir@safirpaint.com<\/p>\n<div class=\"is-divider divider clearfix\" style=\"max-width:90%;height:1px;\"><\/div>\n<div class=\"social-icons follow-icons\" ><a href=\"http:\/\/url\" target=\"_blank\" data-label=\"Facebook\" rel=\"noopener noreferrer nofollow\" class=\"icon plain facebook tooltip\" title=\"Follow on Facebook\" aria-label=\"Follow on Facebook\"><i class=\"icon-facebook\" ><\/i><\/a><a href=\"http:\/\/url\" target=\"_blank\" rel=\"noopener noreferrer nofollow\" data-label=\"Instagram\" class=\"icon plain  instagram tooltip\" title=\"Follow on Instagram\" aria-label=\"Follow on Instagram\"><i class=\"icon-instagram\" ><\/i><\/a><a href=\"http:\/\/url\" target=\"_blank\" data-label=\"Twitter\" rel=\"noopener noreferrer nofollow\" class=\"icon plain  twitter tooltip\" title=\"Follow on Twitter\" aria-label=\"Follow on Twitter\"><i class=\"icon-twitter\" ><\/i><\/a><a href=\"mailto:your@email\" data-label=\"E-mail\" rel=\"nofollow\" class=\"icon plain  email tooltip\" title=\"Send us an email\" aria-label=\"Send us an email\"><i class=\"icon-envelop\" ><\/i><\/a><\/div>\n\t\t<\/div>\n\t\t\t\t\n<style>\n#col-637539995 > .col-inner {\n  padding: 20px 20px 20px 20px;\n}\n<\/style>\n\t<\/div>\n\n\t\n\n\t<div id=\"col-1562891924\" class=\"col medium-6 small-12 large-6\"  >\n\t\t\t\t<div class=\"col-inner box-shadow-2\" style=\"background-color:rgb(255, 255, 255);\" >\n\t\t\t\n\t\t\t\n\n<div class=\"wpcf7 no-js\" id=\"wpcf7-f284-o1\" lang=\"tr-TR\" dir=\"ltr\">\n<div class=\"screen-reader-response\"><p role=\"status\" aria-live=\"polite\" aria-atomic=\"true\"><\/p> <ul><\/ul><\/div>\n<form action=\"\/en\/wp-json\/wp\/v2\/pages\/1051#wpcf7-f284-o1\" method=\"post\" class=\"wpcf7-form init\" aria-label=\"Contact form\" novalidate=\"novalidate\" data-status=\"init\">\n<div style=\"display: none;\">\n<input type=\"hidden\" name=\"_wpcf7\" value=\"284\" \/>\n<input type=\"hidden\" name=\"_wpcf7_version\" value=\"5.8.7\" \/>\n<input type=\"hidden\" name=\"_wpcf7_locale\" value=\"tr_TR\" \/>\n<input type=\"hidden\" name=\"_wpcf7_unit_tag\" value=\"wpcf7-f284-o1\" \/>\n<input type=\"hidden\" name=\"_wpcf7_container_post\" value=\"0\" \/>\n<input type=\"hidden\" name=\"_wpcf7_posted_data_hash\" value=\"\" \/>\n<\/div>\n<div class=\"form-flat\">\n\t<p><label> Ad\u0131n\u0131z<br \/>\n<span class=\"wpcf7-form-control-wrap\" data-name=\"your-name\"><input size=\"40\" class=\"wpcf7-form-control wpcf7-text wpcf7-validates-as-required\" aria-required=\"true\" aria-invalid=\"false\" value=\"\" type=\"text\" name=\"your-name\" \/><\/span> <\/label>\n\t<\/p>\n\t<p><label> E-posta adresiniz<br \/>\n<span class=\"wpcf7-form-control-wrap\" data-name=\"your-email\"><input size=\"40\" class=\"wpcf7-form-control wpcf7-email wpcf7-validates-as-required wpcf7-text wpcf7-validates-as-email\" aria-required=\"true\" aria-invalid=\"false\" value=\"\" type=\"email\" name=\"your-email\" \/><\/span> <\/label>\n\t<\/p>\n\t<p><label> Konu<br \/>\n<span class=\"wpcf7-form-control-wrap\" data-name=\"your-subject\"><input size=\"40\" class=\"wpcf7-form-control wpcf7-text wpcf7-validates-as-required\" aria-required=\"true\" aria-invalid=\"false\" value=\"\" type=\"text\" name=\"your-subject\" \/><\/span> <\/label>\n\t<\/p>\n\t<p><label> \u0130letiniz (tercihe ba\u011fl\u0131)<br \/>\n<span class=\"wpcf7-form-control-wrap\" data-name=\"your-message\"><textarea cols=\"40\" rows=\"10\" class=\"wpcf7-form-control wpcf7-textarea\" aria-invalid=\"false\" name=\"your-message\"><\/textarea><\/span> <\/label>\n\t<\/p>\n\t<p><input class=\"wpcf7-form-control wpcf7-submit has-spinner\" type=\"submit\" value=\"G\u00f6nder\" \/>\n\t<\/p>\n<\/div><div class=\"wpcf7-response-output\" aria-hidden=\"true\"><\/div>\n<\/form>\n<\/div>\n\n\t\t<\/div>\n\t\t\t\t\n<style>\n#col-1562891924 > .col-inner {\n  padding: 20px 20px 20px 20px;\n}\n<\/style>\n\t<\/div>\n\n\t\n<\/div>\n\t<div id=\"gap-869308923\" class=\"gap-element clearfix\" style=\"display:block; height:auto;\">\n\t\t\n<style>\n#gap-869308923 {\n  padding-top: 50px;\n}\n<\/style>\n\t<\/div>\n\t\n","protected":false},"excerpt":{"rendered":"","protected":false},"author":1,"featured_media":0,"parent":0,"menu_order":0,"comment_status":"closed","ping_status":"closed","template":"page-transparent-header.php","meta":{"footnotes":""},"class_list":["post-1051","page","type-page","status-publish","hentry"],"yoast_head":"<!-- This site is optimized with the Yoast SEO plugin v22.0 - https:\/\/yoast.com\/wordpress\/plugins\/seo\/ -->\n<title>CONTACT US - Safir Paint<\/title>\n<meta name=\"robots\" content=\"index, follow, max-snippet:-1, max-image-preview:large, max-video-preview:-1\" \/>\n<link rel=\"canonical\" href=\"https:\/\/safirpaint.com\/en\/contact-us\/\" \/>\n<meta property=\"og:locale\" content=\"en_US\" \/>\n<meta property=\"og:type\" content=\"article\" \/>\n<meta property=\"og:title\" content=\"CONTACT US - Safir Paint\" \/>\n<meta property=\"og:url\" content=\"https:\/\/safirpaint.com\/en\/contact-us\/\" \/>\n<meta property=\"og:site_name\" content=\"Safir Paint\" \/>\n<meta property=\"article:modified_time\" content=\"2022-11-18T07:18:24+00:00\" \/>\n<meta name=\"twitter:card\" content=\"summary_large_image\" \/>\n<script type=\"application\/ld+json\" class=\"yoast-schema-graph\">{\"@context\":\"https:\/\/schema.org\",\"@graph\":[{\"@type\":\"WebPage\",\"@id\":\"https:\/\/safirpaint.com\/en\/contact-us\/\",\"url\":\"https:\/\/safirpaint.com\/en\/contact-us\/\",\"name\":\"CONTACT US - Safir Paint\",\"isPartOf\":{\"@id\":\"https:\/\/safirpaint.com\/#website\"},\"datePublished\":\"2022-09-30T21:34:16+00:00\",\"dateModified\":\"2022-11-18T07:18:24+00:00\",\"breadcrumb\":{\"@id\":\"https:\/\/safirpaint.com\/en\/contact-us\/#breadcrumb\"},\"inLanguage\":\"en-US\",\"potentialAction\":[{\"@type\":\"ReadAction\",\"target\":[\"https:\/\/safirpaint.com\/en\/contact-us\/\"]}]},{\"@type\":\"BreadcrumbList\",\"@id\":\"https:\/\/safirpaint.com\/en\/contact-us\/#breadcrumb\",\"itemListElement\":[{\"@type\":\"ListItem\",\"position\":1,\"name\":\"Anasayfa\",\"item\":\"https:\/\/safirpaint.com\/en\/\"},{\"@type\":\"ListItem\",\"position\":2,\"name\":\"CONTACT US\"}]},{\"@type\":\"WebSite\",\"@id\":\"https:\/\/safirpaint.com\/#website\",\"url\":\"https:\/\/safirpaint.com\/\",\"name\":\"Safir Paint\",\"description\":\"Kaliteli Boya...\",\"publisher\":{\"@id\":\"https:\/\/safirpaint.com\/#organization\"},\"potentialAction\":[{\"@type\":\"SearchAction\",\"target\":{\"@type\":\"EntryPoint\",\"urlTemplate\":\"https:\/\/safirpaint.com\/?s={search_term_string}\"},\"query-input\":\"required name=search_term_string\"}],\"inLanguage\":\"en-US\"},{\"@type\":\"Organization\",\"@id\":\"https:\/\/safirpaint.com\/#organization\",\"name\":\"Safir Paint\",\"url\":\"https:\/\/safirpaint.com\/\",\"logo\":{\"@type\":\"ImageObject\",\"inLanguage\":\"en-US\",\"@id\":\"https:\/\/safirpaint.com\/#\/schema\/logo\/image\/\",\"url\":\"https:\/\/www.safirpaint.com\/wp-content\/uploads\/2022\/11\/logo_Calisma-Yuzeyi-1.png\",\"contentUrl\":\"https:\/\/www.safirpaint.com\/wp-content\/uploads\/2022\/11\/logo_Calisma-Yuzeyi-1.png\",\"width\":1422,\"height\":557,\"caption\":\"Safir Paint\"},\"image\":{\"@id\":\"https:\/\/safirpaint.com\/#\/schema\/logo\/image\/\"}}]}<\/script>\n<!-- \/ Yoast SEO plugin. -->","yoast_head_json":{"title":"CONTACT US - Safir Paint","robots":{"index":"index","follow":"follow","max-snippet":"max-snippet:-1","max-image-preview":"max-image-preview:large","max-video-preview":"max-video-preview:-1"},"canonical":"https:\/\/safirpaint.com\/en\/contact-us\/","og_locale":"en_US","og_type":"article","og_title":"CONTACT US - Safir Paint","og_url":"https:\/\/safirpaint.com\/en\/contact-us\/","og_site_name":"Safir Paint","article_modified_time":"2022-11-18T07:18:24+00:00","twitter_card":"summary_large_image","schema":{"@context":"https:\/\/schema.org","@graph":[{"@type":"WebPage","@id":"https:\/\/safirpaint.com\/en\/contact-us\/","url":"https:\/\/safirpaint.com\/en\/contact-us\/","name":"CONTACT US - Safir Paint","isPartOf":{"@id":"https:\/\/safirpaint.com\/#website"},"datePublished":"2022-09-30T21:34:16+00:00","dateModified":"2022-11-18T07:18:24+00:00","breadcrumb":{"@id":"https:\/\/safirpaint.com\/en\/contact-us\/#breadcrumb"},"inLanguage":"en-US","potentialAction":[{"@type":"ReadAction","target":["https:\/\/safirpaint.com\/en\/contact-us\/"]}]},{"@type":"BreadcrumbList","@id":"https:\/\/safirpaint.com\/en\/contact-us\/#breadcrumb","itemListElement":[{"@type":"ListItem","position":1,"name":"Anasayfa","item":"https:\/\/safirpaint.com\/en\/"},{"@type":"ListItem","position":2,"name":"CONTACT US"}]},{"@type":"WebSite","@id":"https:\/\/safirpaint.com\/#website","url":"https:\/\/safirpaint.com\/","name":"Safir Paint","description":"Kaliteli Boya...","publisher":{"@id":"https:\/\/safirpaint.com\/#organization"},"potentialAction":[{"@type":"SearchAction","target":{"@type":"EntryPoint","urlTemplate":"https:\/\/safirpaint.com\/?s={search_term_string}"},"query-input":"required name=search_term_string"}],"inLanguage":"en-US"},{"@type":"Organization","@id":"https:\/\/safirpaint.com\/#organization","name":"Safir Paint","url":"https:\/\/safirpaint.com\/","logo":{"@type":"ImageObject","inLanguage":"en-US","@id":"https:\/\/safirpaint.com\/#\/schema\/logo\/image\/","url":"https:\/\/www.safirpaint.com\/wp-content\/uploads\/2022\/11\/logo_Calisma-Yuzeyi-1.png","contentUrl":"https:\/\/www.safirpaint.com\/wp-content\/uploads\/2022\/11\/logo_Calisma-Yuzeyi-1.png","width":1422,"height":557,"caption":"Safir Paint"},"image":{"@id":"https:\/\/safirpaint.com\/#\/schema\/logo\/image\/"}}]}},"_links":{"self":[{"href":"https:\/\/safirpaint.com\/en\/wp-json\/wp\/v2\/pages\/1051","targetHints":{"allow":["GET"]}}],"collection":[{"href":"https:\/\/safirpaint.com\/en\/wp-json\/wp\/v2\/pages"}],"about":[{"href":"https:\/\/safirpaint.com\/en\/wp-json\/wp\/v2\/types\/page"}],"author":[{"embeddable":true,"href":"https:\/\/safirpaint.com\/en\/wp-json\/wp\/v2\/users\/1"}],"replies":[{"embeddable":true,"href":"https:\/\/safirpaint.com\/en\/wp-json\/wp\/v2\/comments?post=1051"}],"version-history":[{"count":2,"href":"https:\/\/safirpaint.com\/en\/wp-json\/wp\/v2\/pages\/1051\/revisions"}],"predecessor-version":[{"id":1053,"href":"https:\/\/safirpaint.com\/en\/wp-json\/wp\/v2\/pages\/1051\/revisions\/1053"}],"wp:attachment":[{"href":"https:\/\/safirpaint.com\/en\/wp-json\/wp\/v2\/media?parent=1051"}],"curies":[{"name":"wp","href":"https:\/\/api.w.org\/{rel}","templated":true}]}}